{"id":6781,"date":"2019-03-07T12:45:30","date_gmt":"2019-03-07T11:45:30","guid":{"rendered":"https:\/\/divi.qualytent.eu\/personalizzazione-stampe-branding\/"},"modified":"2020-02-19T11:50:11","modified_gmt":"2020-02-19T10:50:11","slug":"personalisierung-bedruckung-branding","status":"publish","type":"page","link":"https:\/\/qualytent.eu\/de\/personalisierung-bedruckung-branding\/","title":{"rendered":"Personalisierung, Bedruckung &#038; Branding"},"content":{"rendered":"<p>[et_pb_section fb_built=&#8220;1&#8243; _builder_version=&#8220;3.22.1&#8243; background_color=&#8220;#e9eaee&#8220; inner_width_tablet=&#8220;50px&#8220; inner_max_width_tablet=&#8220;50px&#8220; custom_padding=&#8220;90.5167px|0px|0|0px|false|false&#8220; z_index_tablet=&#8220;500&#8243;][et_pb_row _builder_version=&#8220;4.2.2&#8243; custom_padding=&#8220;30px|0px|30px|0px|false|false&#8220; border_radii=&#8220;on|0px|0px|0px|0px&#8220; border_color_all=&#8220;#28282d&#8220;][et_pb_column type=&#8220;4_4&#8243; _builder_version=&#8220;3.25&#8243; custom_padding=&#8220;|||&#8220; custom_padding__hover=&#8220;|||&#8220;][et_pb_text admin_label=&#8220;Faltzelte bedruckt und personalisiert&#8220; _builder_version=&#8220;3.27.4&#8243; text_font_size=&#8220;28px&#8220; z_index_tablet=&#8220;500&#8243;]<\/p>\n<h1 style=\"text-align: left;\">Faltzelte bedruckt und personalisiert<\/h1>\n<p style=\"text-align: left;\">Bedruckung mit gro\u00dfem Effekt<\/p>\n<p>[\/et_pb_text][\/et_pb_column][\/et_pb_row][\/et_pb_section][et_pb_section fb_built=&#8220;1&#8243; _builder_version=&#8220;3.22&#8243; custom_padding=&#8220;80px|0px|60px|0px|false|false&#8220; top_divider_style=&#8220;triangle&#8220; top_divider_color=&#8220;#e9eaee&#8220; top_divider_height=&#8220;40px&#8220; top_divider_flip=&#8220;vertical&#8220; z_index_tablet=&#8220;500&#8243; border_width_top=&#8220;5px&#8220; border_color_top=&#8220;#e9eaee&#8220;][et_pb_row column_structure=&#8220;1_2,1_2&#8243; use_custom_gutter=&#8220;on&#8220; _builder_version=&#8220;3.25&#8243; background_size=&#8220;initial&#8220; background_position=&#8220;top_left&#8220; background_repeat=&#8220;repeat&#8220; width_phone=&#8220;50px&#8220; max_width_phone=&#8220;1280px&#8220; z_index_tablet=&#8220;500&#8243; border_style_bottom=&#8220;ridge&#8220;][et_pb_column type=&#8220;1_2&#8243; _builder_version=&#8220;3.25&#8243; custom_padding=&#8220;|||&#8220; custom_padding__hover=&#8220;|||&#8220;][et_pb_image src=&#8220;https:\/\/qualytent.eu\/wp-content\/uploads\/2017\/01\/qualytent_drucke_1920x1080.jpg&#8220; alt=&#8220;qualytent_drucke_1920x1080&#8243; align_tablet=&#8220;center&#8220; align_phone=&#8220;&#8220; align_last_edited=&#8220;on|desktop&#8220; _builder_version=&#8220;3.23&#8243; z_index_tablet=&#8220;500&#8243; box_shadow_style=&#8220;preset2&#8243; box_shadow_blur=&#8220;16px&#8220;][\/et_pb_image][\/et_pb_column][et_pb_column type=&#8220;1_2&#8243; _builder_version=&#8220;3.25&#8243; custom_padding=&#8220;|||&#8220; custom_padding__hover=&#8220;|||&#8220;][et_pb_text admin_label=&#8220;Sport und mehr!&#8220; _builder_version=&#8220;3.27.4&#8243; z_index_tablet=&#8220;500&#8243;]<\/p>\n<h2>Sport und mehr!<\/h2>\n<p>&nbsp;<\/p>\n<p>Verkaufsveranstaltung oder Messeauftritt, Sport- oder Freizeit-Event \u2026<\/p>\n<p>mit QUALYTENT Premium setzen wir Sie in Szene!<\/p>\n<p>[\/et_pb_text][\/et_pb_column][\/et_pb_row][\/et_pb_section][et_pb_section fb_built=&#8220;1&#8243; _builder_version=&#8220;3.22&#8243; custom_padding=&#8220;80px|0px|60px|0px|false|false&#8220; top_divider_style=&#8220;triangle&#8220; top_divider_color=&#8220;#e9eaee&#8220; top_divider_height=&#8220;40px&#8220; top_divider_flip=&#8220;vertical&#8220; z_index_tablet=&#8220;500&#8243; border_width_top=&#8220;5px&#8220; border_color_top=&#8220;#e9eaee&#8220;][et_pb_row column_structure=&#8220;1_2,1_2&#8243; use_custom_gutter=&#8220;on&#8220; _builder_version=&#8220;3.25&#8243; background_size=&#8220;initial&#8220; background_position=&#8220;top_left&#8220; background_repeat=&#8220;repeat&#8220; width_phone=&#8220;50px&#8220; max_width_phone=&#8220;1280px&#8220; z_index_tablet=&#8220;500&#8243; border_style_bottom=&#8220;ridge&#8220;][et_pb_column type=&#8220;1_2&#8243; _builder_version=&#8220;3.25&#8243; custom_padding=&#8220;|||&#8220; custom_padding__hover=&#8220;|||&#8220;][et_pb_image src=&#8220;https:\/\/qualytent.eu\/wp-content\/uploads\/qualytent-personalisierung-ktm-01-1920x1330px.jpg&#8220; alt=&#8220;Qualytent Personalisierung &#8211; ktm &#8211; 01&#8243; align_tablet=&#8220;center&#8220; align_phone=&#8220;&#8220; align_last_edited=&#8220;on|desktop&#8220; _builder_version=&#8220;3.23&#8243; z_index_tablet=&#8220;500&#8243; box_shadow_style=&#8220;preset2&#8243; box_shadow_blur=&#8220;16px&#8220;][\/et_pb_image][\/et_pb_column][et_pb_column type=&#8220;1_2&#8243; _builder_version=&#8220;3.25&#8243; custom_padding=&#8220;|||&#8220; custom_padding__hover=&#8220;|||&#8220;][et_pb_text admin_label=&#8220;Ihre Werbebotschaft wird ins Auge stechen!&#8220; _builder_version=&#8220;3.27.4&#8243; z_index_tablet=&#8220;500&#8243;]<\/p>\n<h2>Ihre Werbebotschaft wird ins Auge stechen!<\/h2>\n<p>&nbsp;<\/p>\n<p>Gro\u00dffl\u00e4chige Bedruckung von Dach und Seitenw\u00e4nden tr\u00e4gt zum Erfolg jeder Werbekampagne bei.<\/p>\n<p>[\/et_pb_text][\/et_pb_column][\/et_pb_row][\/et_pb_section][et_pb_section fb_built=&#8220;1&#8243; _builder_version=&#8220;3.22&#8243; custom_padding=&#8220;80px|0px|60px|0px|false|false&#8220; top_divider_style=&#8220;triangle&#8220; top_divider_color=&#8220;#e9eaee&#8220; top_divider_height=&#8220;40px&#8220; top_divider_flip=&#8220;vertical&#8220; z_index_tablet=&#8220;500&#8243; border_width_top=&#8220;5px&#8220; border_color_top=&#8220;#e9eaee&#8220;][et_pb_row column_structure=&#8220;1_2,1_2&#8243; use_custom_gutter=&#8220;on&#8220; _builder_version=&#8220;3.25&#8243; background_size=&#8220;initial&#8220; background_position=&#8220;top_left&#8220; background_repeat=&#8220;repeat&#8220; width_phone=&#8220;50px&#8220; max_width_phone=&#8220;1280px&#8220; z_index_tablet=&#8220;500&#8243; border_style_bottom=&#8220;ridge&#8220;][et_pb_column type=&#8220;1_2&#8243; _builder_version=&#8220;3.25&#8243; custom_padding=&#8220;|||&#8220; custom_padding__hover=&#8220;|||&#8220;][et_pb_image src=&#8220;https:\/\/qualytent.eu\/wp-content\/uploads\/qualytent-branding-daecher-waende-ty-phoo-01-1920x1330px.jpg&#8220; alt=&#8220;Qualytent Branding D\u00e4cher W\u00e4nde &#8211; ty-phoo &#8211; 01&#8243; align_tablet=&#8220;center&#8220; align_phone=&#8220;&#8220; align_last_edited=&#8220;on|desktop&#8220; _builder_version=&#8220;3.23&#8243; z_index_tablet=&#8220;500&#8243; box_shadow_style=&#8220;preset2&#8243; box_shadow_blur=&#8220;16px&#8220;][\/et_pb_image][\/et_pb_column][et_pb_column type=&#8220;1_2&#8243; _builder_version=&#8220;3.25&#8243; custom_padding=&#8220;|||&#8220; custom_padding__hover=&#8220;|||&#8220;][et_pb_text admin_label=&#8220;Personalisierung und Branding&#8220; _builder_version=&#8220;3.27.4&#8243; z_index_tablet=&#8220;500&#8243;]<\/p>\n<h2>Personalisierung und Branding<\/h2>\n<p>&nbsp;<\/p>\n<p>In unseren Ateliers setzen wir die personalisierte grafische Gestaltung Ihres Faltzeltes QUALYTENT Premium in k\u00fcrzester Zeit um.<\/p>\n<p>[\/et_pb_text][\/et_pb_column][\/et_pb_row][\/et_pb_section][et_pb_section fb_built=&#8220;1&#8243; _builder_version=&#8220;3.22&#8243; custom_padding=&#8220;80px|0px|60px|0px|false|false&#8220; top_divider_style=&#8220;triangle&#8220; top_divider_color=&#8220;#e9eaee&#8220; top_divider_height=&#8220;40px&#8220; top_divider_flip=&#8220;vertical&#8220; border_width_top=&#8220;5px&#8220; border_color_top=&#8220;#e9eaee&#8220; global_module=&#8220;9263&#8243;][et_pb_row column_structure=&#8220;1_3,1_3,1_3&#8243; use_custom_gutter=&#8220;on&#8220; make_equal=&#8220;on&#8220; admin_label=&#8220;tavoli-accessori-cataloghi&#8220; _builder_version=&#8220;4.3.2&#8243; background_size=&#8220;initial&#8220; background_position=&#8220;top_left&#8220; background_repeat=&#8220;repeat&#8220; width_phone=&#8220;50px&#8220; custom_padding=&#8220;0|0px|0|0px|false|false&#8220; z_index_tablet=&#8220;500&#8243; border_style_bottom=&#8220;ridge&#8220; box_shadow_horizontal_tablet=&#8220;0px&#8220; box_shadow_vertical_tablet=&#8220;0px&#8220; box_shadow_blur_tablet=&#8220;40px&#8220; box_shadow_spread_tablet=&#8220;0px&#8220;][et_pb_column type=&#8220;1_3&#8243; _builder_version=&#8220;4.3.2&#8243; background_color=&#8220;#e9eaee&#8220; custom_padding=&#8220;|||&#8220; custom_css_main_element=&#8220;box-shadow: 6px 6px 16px 0px rgba(0,0,0,0.3);&#8220; custom_padding__hover=&#8220;|||&#8220;][et_pb_image src=&#8220;https:\/\/qualytent.eu\/wp-content\/uploads\/tavoli-panche-sedie-pieghevoli-klapptische-baenke-stuehle-folding-tables-benches-chairs-qualyline-960x540px.jpg&#8220; alt=&#8220;Gazebo pieghevoli QUALYTENT Village &#038; Cottage&#8220; align_tablet=&#8220;center&#8220; align_phone=&#8220;&#8220; align_last_edited=&#8220;on|desktop&#8220; admin_label=&#8220;image Tavoli, panche e sedie&#8220; _builder_version=&#8220;4.3.2&#8243; z_index_tablet=&#8220;500&#8243;][\/et_pb_image][et_pb_text admin_label=&#8220;text Tavoli, panche e sedie&#8220; _builder_version=&#8220;4.3.2&#8243; custom_padding=&#8220;|3%||3%|false|false&#8220; z_index_tablet=&#8220;500&#8243;]<\/p>\n<h2>Tavoli, panche e sedie pieghevoli QUALYLINE<\/h2>\n<p>Scegli tra 4 linee di prodotti, tavoli, panche e sedie richiudibili QUALYLINE.[\/et_pb_text][et_pb_button button_url=&#8220;@ET-DC@eyJkeW5hbWljIjp0cnVlLCJjb250ZW50IjoicG9zdF9saW5rX3VybF9wYWdlIiwic2V0dGluZ3MiOnsicG9zdF9pZCI6IjUyMzUifX0=@&#8220; button_text=&#8220;Scopri di pi\u00f9&#8220; button_alignment=&#8220;left&#8220; admin_label=&#8220;button scopri di pi\u00f9&#8220; _builder_version=&#8220;4.3.2&#8243; _dynamic_attributes=&#8220;button_url&#8220; custom_margin=&#8220;|3%|3%|3%|false|false&#8220; z_index_tablet=&#8220;500&#8243;][\/et_pb_button][\/et_pb_column][et_pb_column type=&#8220;1_3&#8243; _builder_version=&#8220;3.0.47&#8243; background_color=&#8220;#e9eaee&#8220; custom_padding=&#8220;|||&#8220; custom_css_main_element=&#8220;box-shadow: 6px 6px 16px 0px rgba(0,0,0,0.3);&#8220; custom_padding__hover=&#8220;|||&#8220;][et_pb_image src=&#8220;https:\/\/qualytent.eu\/wp-content\/uploads\/accessori-gazebo-eventi-zubehoer-faltzelte-events-folding-tent-event-accessories-qualytent-960x540px.jpg&#8220; alt=&#8220;Gazebo pieghevoli QUALYTENT Village &#038; Cottage&#8220; align_tablet=&#8220;center&#8220; align_phone=&#8220;&#8220; align_last_edited=&#8220;on|desktop&#8220; admin_label=&#8220;image accessori&#8220; _builder_version=&#8220;4.3.2&#8243; z_index_tablet=&#8220;500&#8243;][\/et_pb_image][et_pb_text admin_label=&#8220;text accessori&#8220; _builder_version=&#8220;4.3.2&#8243; custom_padding=&#8220;|3%||3%|false|false&#8220; z_index_tablet=&#8220;500&#8243;]<\/p>\n<h2>Accessori per gazebo ed eventi<\/h2>\n<p>QUALYTENT propone un&#8217;ampia gamma di accessori per l&#8217;estensione del tuo gazebo pieghevole.<\/p>\n<p>[\/et_pb_text][et_pb_button button_url=&#8220;@ET-DC@eyJkeW5hbWljIjp0cnVlLCJjb250ZW50IjoicG9zdF9saW5rX3VybF9wYWdlIiwic2V0dGluZ3MiOnsicG9zdF9pZCI6IjUxMTIifX0=@&#8220; button_text=&#8220;Trova Accessori&#8220; button_alignment=&#8220;left&#8220; admin_label=&#8220;button trova accessori&#8220; _builder_version=&#8220;4.3.2&#8243; _dynamic_attributes=&#8220;button_url&#8220; custom_margin=&#8220;|3%|3%|3%|false|false&#8220; z_index_tablet=&#8220;500&#8243;][\/et_pb_button][\/et_pb_column][et_pb_column type=&#8220;1_3&#8243; _builder_version=&#8220;3.0.47&#8243; background_color=&#8220;#e9eaee&#8220; custom_padding=&#8220;|||&#8220; custom_css_main_element=&#8220;box-shadow: 6px 6px 16px 0px rgba(0,0,0,0.3);&#8220; custom_padding__hover=&#8220;|||&#8220;][et_pb_image src=&#8220;https:\/\/qualytent.eu\/wp-content\/uploads\/qualytent-downloads-cataloghi-kataloge-catalogues-960x540px.jpg&#8220; alt=&#8220;Gazebo pieghevoli QUALYTENT Village &#038; Cottage&#8220; align_tablet=&#8220;center&#8220; align_phone=&#8220;&#8220; align_last_edited=&#8220;on|desktop&#8220; admin_label=&#8220;image cataloghi&#8220; _builder_version=&#8220;4.3.2&#8243; z_index_tablet=&#8220;500&#8243;][\/et_pb_image][et_pb_text admin_label=&#8220;text cataloghi&#8220; _builder_version=&#8220;4.3.2&#8243; custom_padding=&#8220;|3%||3%|false|false&#8220; z_index_tablet=&#8220;500&#8243;]<\/p>\n<h2>Cataloghi prodotti<\/h2>\n<p>Vuoi scaricare gratuitamente i nostri nuovi cataloghi prodotti?<br \/>\nTrova il catalogo di tuo interesse nell&#8217;AREA DOWNLOAD per sfogliarlo o per stamparlo.[\/et_pb_text][et_pb_button button_url=&#8220;@ET-DC@eyJkeW5hbWljIjp0cnVlLCJjb250ZW50IjoicG9zdF9saW5rX3VybF9wYWdlIiwic2V0dGluZ3MiOnsicG9zdF9pZCI6IjQ1OTEifX0=@&#8220; button_text=&#8220;Trova QUI&#8220; button_alignment=&#8220;left&#8220; admin_label=&#8220;button trova qui&#8220; _builder_version=&#8220;4.3.2&#8243; _dynamic_attributes=&#8220;button_url&#8220; custom_margin=&#8220;|3%|3%|3%|false|false&#8220; z_index_tablet=&#8220;500&#8243;][\/et_pb_button][\/et_pb_column][\/et_pb_row][\/et_pb_section]<\/p>\n","protected":false},"excerpt":{"rendered":"<p>[et_pb_section fb_built=&#8220;1&#8243; _builder_version=&#8220;3.22.1&#8243; background_color=&#8220;#e9eaee&#8220; inner_width_tablet=&#8220;50px&#8220; inner_max_width_tablet=&#8220;50px&#8220; custom_padding=&#8220;90.5167px|0px|0|0px|false|false&#8220; z_index_tablet=&#8220;500&#8243;][et_pb_row _builder_version=&#8220;4.2.2&#8243; custom_padding=&#8220;30px|0px|30px|0px|false|false&#8220; border_radii=&#8220;on|0px|0px|0px|0px&#8220; border_color_all=&#8220;#28282d&#8220;][et_pb_column type=&#8220;4_4&#8243; _builder_version=&#8220;3.25&#8243; custom_padding=&#8220;|||&#8220; custom_padding__hover=&#8220;|||&#8220;][et_pb_text admin_label=&#8220;Faltzelte bedruckt und personalisiert&#8220; _builder_version=&#8220;3.27.4&#8243; text_font_size=&#8220;28px&#8220; z_index_tablet=&#8220;500&#8243;] Faltzelte bedruckt und personalisiert Bedruckung mit gro\u00dfem Effekt [\/et_pb_text][\/et_pb_column][\/et_pb_row][\/et_pb_section][et_pb_section fb_built=&#8220;1&#8243; _builder_version=&#8220;3.22&#8243; custom_padding=&#8220;80px|0px|60px|0px|false|false&#8220; top_divider_style=&#8220;triangle&#8220; top_divider_color=&#8220;#e9eaee&#8220; top_divider_height=&#8220;40px&#8220; top_divider_flip=&#8220;vertical&#8220; z_index_tablet=&#8220;500&#8243; border_width_top=&#8220;5px&#8220; border_color_top=&#8220;#e9eaee&#8220;][et_pb_row column_structure=&#8220;1_2,1_2&#8243; use_custom_gutter=&#8220;on&#8220; _builder_version=&#8220;3.25&#8243; background_size=&#8220;initial&#8220; background_position=&#8220;top_left&#8220; background_repeat=&#8220;repeat&#8220; width_phone=&#8220;50px&#8220; max_width_phone=&#8220;1280px&#8220; z_index_tablet=&#8220;500&#8243; border_style_bottom=&#8220;ridge&#8220;][et_pb_column type=&#8220;1_2&#8243; _builder_version=&#8220;3.25&#8243; custom_padding=&#8220;|||&#8220; [&hellip;]<\/p>\n","protected":false},"author":7,"featured_media":0,"parent":0,"menu_order":12,"comment_status":"closed","ping_status":"closed","template":"","meta":{"_et_pb_use_builder":"on","_et_pb_old_content":"","_et_gb_content_width":""},"_links":{"self":[{"href":"https:\/\/qualytent.eu\/de\/wp-json\/wp\/v2\/pages\/6781"}],"collection":[{"href":"https:\/\/qualytent.eu\/de\/wp-json\/wp\/v2\/pages"}],"about":[{"href":"https:\/\/qualytent.eu\/de\/wp-json\/wp\/v2\/types\/page"}],"author":[{"embeddable":true,"href":"https:\/\/qualytent.eu\/de\/wp-json\/wp\/v2\/users\/7"}],"replies":[{"embeddable":true,"href":"https:\/\/qualytent.eu\/de\/wp-json\/wp\/v2\/comments?post=6781"}],"version-history":[{"count":0,"href":"https:\/\/qualytent.eu\/de\/wp-json\/wp\/v2\/pages\/6781\/revisions"}],"wp:attachment":[{"href":"https:\/\/qualytent.eu\/de\/wp-json\/wp\/v2\/media?parent=6781"}],"curies":[{"name":"wp","href":"https:\/\/api.w.org\/{rel}","templated":true}]}}