{"id":6956,"date":"2019-03-18T12:28:55","date_gmt":"2019-03-18T11:28:55","guid":{"rendered":"https:\/\/divi.qualytent.eu\/tenda-gazebo-rescue-pronto-intervento\/"},"modified":"2020-02-18T15:25:08","modified_gmt":"2020-02-18T14:25:08","slug":"faltzelt-rescue-erste-hilfe","status":"publish","type":"page","link":"https:\/\/qualytent.eu\/de\/faltzelt-rescue-erste-hilfe\/","title":{"rendered":"Faltzelt Rescue Erste Hilfe"},"content":{"rendered":"<p>[et_pb_section fb_built=&#8220;1&#8243; _builder_version=&#8220;3.22.3&#8243; background_color=&#8220;#e9eaee&#8220; inner_width_tablet=&#8220;50px&#8220; inner_max_width_tablet=&#8220;50px&#8220; custom_padding=&#8220;90.5167px|0px|0|0px|false|false&#8220; z_index_tablet=&#8220;500&#8243;][et_pb_row _builder_version=&#8220;4.2.2&#8243; custom_padding=&#8220;30px|0px|30px|0px|false|false&#8220; border_radii=&#8220;on|0px|0px|0px|0px&#8220; border_color_all=&#8220;#28282d&#8220;][et_pb_column type=&#8220;4_4&#8243; _builder_version=&#8220;3.25&#8243; custom_padding=&#8220;|||&#8220; custom_padding__hover=&#8220;|||&#8220;][et_pb_text admin_label=&#8220;Faltzelt Qualytent %22Rescue%22&#8243; _builder_version=&#8220;3.27.4&#8243; text_font_size=&#8220;28px&#8220; z_index_tablet=&#8220;500&#8243;]<\/p>\n<h1 style=\"text-align: left;\">Faltzelt Qualytent &#8222;Rescue&#8220;<\/h1>\n<p style=\"text-align: left;\">Das Faltzelt-Komplettsystem f\u00fcr den Erste-Hilfe-Einsatz<\/p>\n<p>[\/et_pb_text][\/et_pb_column][\/et_pb_row][\/et_pb_section][et_pb_section fb_built=&#8220;1&#8243; _builder_version=&#8220;3.22.3&#8243; inner_width_tablet=&#8220;50px&#8220; inner_max_width_tablet=&#8220;50px&#8220; custom_padding=&#8220;80px|0px|60px|0px|false|false&#8220; top_divider_style=&#8220;triangle&#8220; top_divider_color=&#8220;#e9eaee&#8220; top_divider_height=&#8220;40px&#8220; top_divider_flip=&#8220;vertical&#8220; z_index_tablet=&#8220;500&#8243; border_width_top=&#8220;5px&#8220; border_color_top=&#8220;#e9eaee&#8220;][et_pb_row _builder_version=&#8220;3.25&#8243; background_size=&#8220;initial&#8220; background_position=&#8220;top_left&#8220; background_repeat=&#8220;repeat&#8220;][et_pb_column type=&#8220;4_4&#8243; _builder_version=&#8220;3.25&#8243; custom_padding=&#8220;|||&#8220; custom_padding__hover=&#8220;|||&#8220;][et_pb_text admin_label=&#8220;QUALYTENT Rescue ist an die Anforderungen von Rettungsmannschaften angepasst&#8220; _builder_version=&#8220;3.27.4&#8243; z_index_tablet=&#8220;500&#8243;]<\/p>\n<p><strong>QUALYTENT Rescue ist an die Anforderungen von Rettungsmannschaften angepasst.<\/strong><\/p>\n<p><strong>Die extrem rasche Montage ist bei Notf\u00e4llen wie Naturkatastrophen, Rettungseins\u00e4tzen oder Unf\u00e4llen unerl\u00e4sslich.<\/strong><\/p>\n<p>[\/et_pb_text][\/et_pb_column][\/et_pb_row][et_pb_row column_structure=&#8220;1_2,1_2&#8243; use_custom_gutter=&#8220;on&#8220; _builder_version=&#8220;4.2.2&#8243; background_size=&#8220;initial&#8220; background_position=&#8220;top_left&#8220; background_repeat=&#8220;repeat&#8220; width_phone=&#8220;50px&#8220; max_width_phone=&#8220;1280px&#8220; z_index_tablet=&#8220;500&#8243; border_style_bottom=&#8220;ridge&#8220;][et_pb_column type=&#8220;1_2&#8243; _builder_version=&#8220;3.25&#8243; custom_padding=&#8220;|||&#8220; custom_padding__hover=&#8220;|||&#8220;][et_pb_image src=&#8220;https:\/\/qualytent.eu\/wp-content\/uploads\/gazebo-pieghevole-faltzelt-folding-tent-qualytent-rescue-960x540px.jpg&#8220; alt=&#8220;Gazebo pieghevole QUALYTENT Rescue&#8220; align_tablet=&#8220;center&#8220; align_phone=&#8220;&#8220; align_last_edited=&#8220;on|desktop&#8220; _builder_version=&#8220;3.23&#8243; z_index_tablet=&#8220;500&#8243; box_shadow_style=&#8220;preset2&#8243; box_shadow_blur=&#8220;16px&#8220;][\/et_pb_image][\/et_pb_column][et_pb_column type=&#8220;1_2&#8243; _builder_version=&#8220;3.25&#8243; custom_padding=&#8220;|||&#8220; custom_padding__hover=&#8220;|||&#8220;][et_pb_text admin_label=&#8220;Das Faltzelt QUALYTENT Rescue unterliegt&#8220; _builder_version=&#8220;3.27.4&#8243; z_index_tablet=&#8220;500&#8243;]<\/p>\n<p>Das Faltzelt QUALYTENT Rescue unterliegt strengen Qualit\u00e4tskriterien und wird zur G\u00e4nze in S\u00fcdtirol\/Italien hergestellt. Unser technisches B\u00fcro garantiert die Hochwertigkeit der verwendeten Materialien und sorgt bis ins kleinste Detail f\u00fcr kontinuierliche Innovation.<\/p>\n<p>QUALYTENT Rescue ist statisch zertifiziert und entspricht den Vorschriften der Brandschutzklasse 1.<\/p>\n<p>Die Seitenw\u00e4nde und das Dach bestehen aus widerstandsf\u00e4higem, feuerhemmendem Polyestergewebe; der untere Teil der Seitenw\u00e4nde ist aus PVC.<\/p>\n<p>Der Fu\u00dfboden ist aus PVC. Nat\u00fcrlich kann das Zelt auch mit Lampen, Heizstrahlern und weiterem QUALYTENT-Zubeh\u00f6r ausgestattet werden.<\/p>\n<p>[\/et_pb_text][\/et_pb_column][\/et_pb_row][\/et_pb_section][et_pb_section fb_built=&#8220;1&#8243; _builder_version=&#8220;3.22&#8243; custom_padding=&#8220;80px|0px|60px|0px|false|false&#8220; top_divider_style=&#8220;triangle&#8220; top_divider_color=&#8220;#e9eaee&#8220; top_divider_height=&#8220;40px&#8220; top_divider_flip=&#8220;vertical&#8220; border_width_top=&#8220;5px&#8220; border_color_top=&#8220;#e9eaee&#8220; global_module=&#8220;9261&#8243;][et_pb_row column_structure=&#8220;1_3,1_3,1_3&#8243; use_custom_gutter=&#8220;on&#8220; make_equal=&#8220;on&#8220; admin_label=&#8220;accessori-ricambi-cataloghi&#8220; _builder_version=&#8220;4.3.2&#8243; background_size=&#8220;initial&#8220; background_position=&#8220;top_left&#8220; background_repeat=&#8220;repeat&#8220; width_phone=&#8220;50px&#8220; custom_padding=&#8220;0|0px|0|0px|false|false&#8220; z_index_tablet=&#8220;500&#8243; border_style_bottom=&#8220;ridge&#8220; box_shadow_horizontal_tablet=&#8220;0px&#8220; box_shadow_vertical_tablet=&#8220;0px&#8220; box_shadow_blur_tablet=&#8220;40px&#8220; box_shadow_spread_tablet=&#8220;0px&#8220;][et_pb_column type=&#8220;1_3&#8243; _builder_version=&#8220;4.3.2&#8243; background_color=&#8220;#e9eaee&#8220; custom_padding=&#8220;|||&#8220; custom_css_main_element=&#8220;box-shadow: 6px 6px 16px 0px rgba(0,0,0,0.3);&#8220; custom_padding__hover=&#8220;|||&#8220;][et_pb_image src=&#8220;https:\/\/qualytent.eu\/wp-content\/uploads\/accessori-gazebo-eventi-zubehoer-faltzelte-events-folding-tent-event-accessories-qualytent-960x540px.jpg&#8220; alt=&#8220;Gazebo pieghevoli QUALYTENT Village &#038; Cottage&#8220; align_tablet=&#8220;center&#8220; align_phone=&#8220;&#8220; align_last_edited=&#8220;on|desktop&#8220; admin_label=&#8220;image accessori&#8220; _builder_version=&#8220;4.3.2&#8243; z_index_tablet=&#8220;500&#8243;][\/et_pb_image][et_pb_text admin_label=&#8220;text accessori&#8220; _builder_version=&#8220;4.3.2&#8243; custom_padding=&#8220;|3%||3%|false|false&#8220; z_index_tablet=&#8220;500&#8243;]<\/p>\n<h2>Accessori per gazebo ed eventi<\/h2>\n<p>QUALYTENT propone un&#8217;ampia gamma di accessori per l&#8217;estensione del tuo gazebo pieghevole.<\/p>\n<p>[\/et_pb_text][et_pb_button button_url=&#8220;@ET-DC@eyJkeW5hbWljIjp0cnVlLCJjb250ZW50IjoicG9zdF9saW5rX3VybF9wYWdlIiwic2V0dGluZ3MiOnsicG9zdF9pZCI6IjUxMTIifX0=@&#8220; button_text=&#8220;Trova Accessori&#8220; button_alignment=&#8220;left&#8220; admin_label=&#8220;button trova accessori&#8220; _builder_version=&#8220;4.3.2&#8243; _dynamic_attributes=&#8220;button_url&#8220; custom_margin=&#8220;|3%|3%|3%|false|false&#8220; z_index_tablet=&#8220;500&#8243;][\/et_pb_button][\/et_pb_column][et_pb_column type=&#8220;1_3&#8243; _builder_version=&#8220;3.0.47&#8243; background_color=&#8220;#e9eaee&#8220; custom_padding=&#8220;|||&#8220; custom_css_main_element=&#8220;box-shadow: 6px 6px 16px 0px rgba(0,0,0,0.3);&#8220; custom_padding__hover=&#8220;|||&#8220;][et_pb_image src=&#8220;https:\/\/qualytent.eu\/wp-content\/uploads\/qualytent-premium-ricambi-ersatzteile-spare-parts-960x540px.jpg&#8220; alt=&#8220;Gazebo pieghevoli QUALYTENT Village &#038; Cottage&#8220; align_tablet=&#8220;center&#8220; align_phone=&#8220;&#8220; align_last_edited=&#8220;on|desktop&#8220; admin_label=&#8220;image ricambi&#8220; _builder_version=&#8220;4.3.2&#8243; z_index_tablet=&#8220;500&#8243;][\/et_pb_image][et_pb_text admin_label=&#8220;text ricambi&#8220; _builder_version=&#8220;4.3.2&#8243; custom_padding=&#8220;|3%||3%|false|false&#8220; z_index_tablet=&#8220;500&#8243;]<\/p>\n<h2>Pezzi di ricambio originali<\/h2>\n<p>Hai bisogno di pezzi di ricambio per il tuo gazebo pieghevole QUALYTENT Premium? Trova la relativa scheda PDF nell&#8217;AREA DOWNLOAD per identificare il pezzo di ricambio di tuo interesse e specifica il codice del ricambio nella tua richiesta.<\/p>\n<p>[\/et_pb_text][et_pb_button button_url=&#8220;@ET-DC@eyJkeW5hbWljIjp0cnVlLCJjb250ZW50IjoicG9zdF9saW5rX3VybF9wYWdlIiwic2V0dGluZ3MiOnsicG9zdF9pZCI6IjQ1OTEifX0=@&#8220; button_text=&#8220;Trova QUI&#8220; button_alignment=&#8220;left&#8220; admin_label=&#8220;button trova qui&#8220; _builder_version=&#8220;4.3.2&#8243; _dynamic_attributes=&#8220;button_url&#8220; custom_margin=&#8220;|3%|3%|3%|false|false&#8220; z_index_tablet=&#8220;500&#8243;][\/et_pb_button][\/et_pb_column][et_pb_column type=&#8220;1_3&#8243; _builder_version=&#8220;3.0.47&#8243; background_color=&#8220;#e9eaee&#8220; custom_padding=&#8220;|||&#8220; custom_css_main_element=&#8220;box-shadow: 6px 6px 16px 0px rgba(0,0,0,0.3);&#8220; custom_padding__hover=&#8220;|||&#8220;][et_pb_image src=&#8220;https:\/\/qualytent.eu\/wp-content\/uploads\/qualytent-downloads-cataloghi-kataloge-catalogues-960x540px.jpg&#8220; alt=&#8220;Gazebo pieghevoli QUALYTENT Village &#038; Cottage&#8220; align_tablet=&#8220;center&#8220; align_phone=&#8220;&#8220; align_last_edited=&#8220;on|desktop&#8220; admin_label=&#8220;image cataloghi&#8220; _builder_version=&#8220;4.3.2&#8243; z_index_tablet=&#8220;500&#8243;][\/et_pb_image][et_pb_text admin_label=&#8220;text cataloghi&#8220; _builder_version=&#8220;4.3.2&#8243; custom_padding=&#8220;|3%||3%|false|false&#8220; z_index_tablet=&#8220;500&#8243;]<\/p>\n<h2>Cataloghi prodotti<\/h2>\n<p>Vuoi scaricare gratuitamente i nostri nuovi cataloghi prodotti?<br \/>\nTrova il catalogo di tuo interesse nell&#8217;AREA DOWNLOAD per sfogliarlo o per stamparlo.[\/et_pb_text][et_pb_button button_url=&#8220;@ET-DC@eyJkeW5hbWljIjp0cnVlLCJjb250ZW50IjoicG9zdF9saW5rX3VybF9wYWdlIiwic2V0dGluZ3MiOnsicG9zdF9pZCI6IjQ1OTEifX0=@&#8220; button_text=&#8220;Trova QUI&#8220; button_alignment=&#8220;left&#8220; admin_label=&#8220;button trova qui&#8220; _builder_version=&#8220;4.3.2&#8243; _dynamic_attributes=&#8220;button_url&#8220; custom_margin=&#8220;|3%|3%|3%|false|false&#8220; z_index_tablet=&#8220;500&#8243;][\/et_pb_button][\/et_pb_column][\/et_pb_row][\/et_pb_section]<\/p>\n","protected":false},"excerpt":{"rendered":"<p>[et_pb_section fb_built=&#8220;1&#8243; _builder_version=&#8220;3.22.3&#8243; background_color=&#8220;#e9eaee&#8220; inner_width_tablet=&#8220;50px&#8220; inner_max_width_tablet=&#8220;50px&#8220; custom_padding=&#8220;90.5167px|0px|0|0px|false|false&#8220; z_index_tablet=&#8220;500&#8243;][et_pb_row _builder_version=&#8220;4.2.2&#8243; custom_padding=&#8220;30px|0px|30px|0px|false|false&#8220; border_radii=&#8220;on|0px|0px|0px|0px&#8220; border_color_all=&#8220;#28282d&#8220;][et_pb_column type=&#8220;4_4&#8243; _builder_version=&#8220;3.25&#8243; custom_padding=&#8220;|||&#8220; custom_padding__hover=&#8220;|||&#8220;][et_pb_text admin_label=&#8220;Faltzelt Qualytent %22Rescue%22&#8243; _builder_version=&#8220;3.27.4&#8243; text_font_size=&#8220;28px&#8220; z_index_tablet=&#8220;500&#8243;] Faltzelt Qualytent &#8222;Rescue&#8220; Das Faltzelt-Komplettsystem f\u00fcr den Erste-Hilfe-Einsatz [\/et_pb_text][\/et_pb_column][\/et_pb_row][\/et_pb_section][et_pb_section fb_built=&#8220;1&#8243; _builder_version=&#8220;3.22.3&#8243; inner_width_tablet=&#8220;50px&#8220; inner_max_width_tablet=&#8220;50px&#8220; custom_padding=&#8220;80px|0px|60px|0px|false|false&#8220; top_divider_style=&#8220;triangle&#8220; top_divider_color=&#8220;#e9eaee&#8220; top_divider_height=&#8220;40px&#8220; top_divider_flip=&#8220;vertical&#8220; z_index_tablet=&#8220;500&#8243; border_width_top=&#8220;5px&#8220; border_color_top=&#8220;#e9eaee&#8220;][et_pb_row _builder_version=&#8220;3.25&#8243; background_size=&#8220;initial&#8220; background_position=&#8220;top_left&#8220; background_repeat=&#8220;repeat&#8220;][et_pb_column type=&#8220;4_4&#8243; _builder_version=&#8220;3.25&#8243; custom_padding=&#8220;|||&#8220; custom_padding__hover=&#8220;|||&#8220;][et_pb_text admin_label=&#8220;QUALYTENT Rescue ist an [&hellip;]<\/p>\n","protected":false},"author":7,"featured_media":0,"parent":0,"menu_order":11,"comment_status":"closed","ping_status":"closed","template":"","meta":{"_et_pb_use_builder":"on","_et_pb_old_content":"","_et_gb_content_width":""},"_links":{"self":[{"href":"https:\/\/qualytent.eu\/de\/wp-json\/wp\/v2\/pages\/6956"}],"collection":[{"href":"https:\/\/qualytent.eu\/de\/wp-json\/wp\/v2\/pages"}],"about":[{"href":"https:\/\/qualytent.eu\/de\/wp-json\/wp\/v2\/types\/page"}],"author":[{"embeddable":true,"href":"https:\/\/qualytent.eu\/de\/wp-json\/wp\/v2\/users\/7"}],"replies":[{"embeddable":true,"href":"https:\/\/qualytent.eu\/de\/wp-json\/wp\/v2\/comments?post=6956"}],"version-history":[{"count":0,"href":"https:\/\/qualytent.eu\/de\/wp-json\/wp\/v2\/pages\/6956\/revisions"}],"wp:attachment":[{"href":"https:\/\/qualytent.eu\/de\/wp-json\/wp\/v2\/media?parent=6956"}],"curies":[{"name":"wp","href":"https:\/\/api.w.org\/{rel}","templated":true}]}}