{"id":8279,"date":"2019-03-18T10:47:54","date_gmt":"2019-03-18T09:47:38","guid":{"rendered":"https:\/\/qualytent.eu\/tenda-gazebo-pieghevole-premium-s45\/"},"modified":"2020-04-22T14:53:18","modified_gmt":"2020-04-22T12:53:18","slug":"faltzelt-hoechste-qualitaet-premium-s45","status":"publish","type":"page","link":"https:\/\/qualytent.eu\/de\/faltzelt-hoechste-qualitaet-premium-s45\/","title":{"rendered":"Premium S45 \u2013 Faltzelt von h\u00f6chster Qualit\u00e4t"},"content":{"rendered":"<p>[et_pb_section fb_built=&#8220;1&#8243; _builder_version=&#8220;3.22.3&#8243; background_color=&#8220;#e9eaee&#8220; inner_width_tablet=&#8220;50px&#8220; inner_max_width_tablet=&#8220;50px&#8220; custom_padding=&#8220;90.5167px|0px|0|0px|false|false&#8220; z_index_tablet=&#8220;500&#8243;][et_pb_row _builder_version=&#8220;3.25&#8243; custom_padding=&#8220;30px|0px|30px|0px|false|false&#8220; z_index_tablet=&#8220;500&#8243; border_radii=&#8220;on|0px|0px|0px|0px&#8220; border_color_all=&#8220;#28282d&#8220; box_shadow_horizontal_tablet=&#8220;0px&#8220; box_shadow_vertical_tablet=&#8220;0px&#8220; box_shadow_blur_tablet=&#8220;40px&#8220; box_shadow_spread_tablet=&#8220;0px&#8220;][et_pb_column type=&#8220;4_4&#8243; _builder_version=&#8220;3.25&#8243; custom_padding=&#8220;|||&#8220; custom_padding__hover=&#8220;|||&#8220;][et_pb_text admin_label=&#8220;Premium S45 \u2013 Faltzelt von h\u00f6chster Qualit\u00e4t&#8220; _builder_version=&#8220;4.2.2&#8243; text_font_size=&#8220;28px&#8220; z_index_tablet=&#8220;500&#8243;]<\/p>\n<h1 style=\"text-align: left;\">Premium S45 \u2013 Faltzelt von h\u00f6chster Qualit\u00e4t<\/h1>\n<p style=\"text-align: left;\">Patentiertes Spitzenprodukt f\u00fcr professionelle und intensive Nutzung<\/p>\n<p>[\/et_pb_text][\/et_pb_column][\/et_pb_row][\/et_pb_section][et_pb_section fb_built=&#8220;1&#8243; _builder_version=&#8220;3.24.1&#8243; custom_padding=&#8220;80px|0px|60px|0px|false|false&#8220; top_divider_style=&#8220;triangle&#8220; top_divider_color=&#8220;#e9eaee&#8220; top_divider_height=&#8220;40px&#8220; top_divider_flip=&#8220;vertical&#8220; z_index_tablet=&#8220;500&#8243; border_width_top=&#8220;5px&#8220; border_color_top=&#8220;#e9eaee&#8220; border_width_top_tablet=&#8220;5px&#8220; border_width_top_phone=&#8220;5px&#8220; box_shadow_horizontal_tablet=&#8220;0px&#8220; box_shadow_vertical_tablet=&#8220;0px&#8220; box_shadow_blur_tablet=&#8220;40px&#8220; box_shadow_spread_tablet=&#8220;0px&#8220;][et_pb_row _builder_version=&#8220;3.25&#8243; z_index_tablet=&#8220;500&#8243; box_shadow_horizontal_tablet=&#8220;0px&#8220; box_shadow_vertical_tablet=&#8220;0px&#8220; box_shadow_blur_tablet=&#8220;40px&#8220; box_shadow_spread_tablet=&#8220;0px&#8220;][et_pb_column type=&#8220;4_4&#8243; _builder_version=&#8220;3.25&#8243; custom_padding=&#8220;|||&#8220; custom_padding__hover=&#8220;|||&#8220;][et_pb_text admin_label=&#8220;Unser Top-Faltzelt QUALYTENT Premium&#8220; _builder_version=&#8220;4.2.2&#8243; z_index_tablet=&#8220;500&#8243;]<\/p>\n<h2>Unser Top-Faltzelt QUALYTENT Premium<\/h2>\n<p>&nbsp;<\/p>\n<p>Das wasserdichte Faltzelt vom Typ QUALYTENT Premium ist unser <strong>patentiertes Spitzenprodukt<\/strong> f\u00fcr professionelle und intensive Nutzung.<\/p>\n<p>Das \u00dcberdachungssystem QUALYTENT Premium ist <strong>statisch zertifiziert<\/strong> und gem\u00e4\u00df den geltenden Normen <strong>schwer entflammbar<\/strong> (Brandschutzklasse 1).<\/p>\n<p>[\/et_pb_text][\/et_pb_column][\/et_pb_row][et_pb_row column_structure=&#8220;1_2,1_2&#8243; use_custom_gutter=&#8220;on&#8220; _builder_version=&#8220;3.25&#8243; background_size=&#8220;initial&#8220; background_position=&#8220;top_left&#8220; background_repeat=&#8220;repeat&#8220; width_phone=&#8220;50px&#8220; max_width_phone=&#8220;1280px&#8220; z_index_tablet=&#8220;500&#8243; border_style_bottom=&#8220;ridge&#8220; box_shadow_horizontal_tablet=&#8220;0px&#8220; box_shadow_vertical_tablet=&#8220;0px&#8220; box_shadow_blur_tablet=&#8220;40px&#8220; box_shadow_spread_tablet=&#8220;0px&#8220;][et_pb_column type=&#8220;1_2&#8243; _builder_version=&#8220;3.25&#8243; custom_padding=&#8220;|||&#8220; custom_padding__hover=&#8220;|||&#8220;][et_pb_image src=&#8220;https:\/\/qualytent.eu\/wp-content\/uploads\/gazebo-pieghevole-faltzelt-folding-tent-qualytent-premium-giallo-blu-s45-960x600px.jpg&#8220; alt=&#8220;Gazebo pieghevole QUALYTENT Classic, rosso&#8220; align_tablet=&#8220;center&#8220; align_phone=&#8220;&#8220; align_last_edited=&#8220;on|desktop&#8220; _builder_version=&#8220;3.23&#8243; z_index_tablet=&#8220;500&#8243; box_shadow_style=&#8220;preset2&#8243; box_shadow_blur=&#8220;16px&#8220;][\/et_pb_image][\/et_pb_column][et_pb_column type=&#8220;1_2&#8243; _builder_version=&#8220;3.25&#8243; custom_padding=&#8220;|||&#8220; custom_padding__hover=&#8220;|||&#8220;][et_pb_text admin_label=&#8220;Unser bestes Premium-Faltzelt ist \u2026&#8220; _builder_version=&#8220;4.2.2&#8243; z_index_tablet=&#8220;500&#8243;]<\/p>\n<p>Unser bestes Premium-Faltzelt ist in 10 Standardgr\u00f6\u00dfen und verschiedenen Standardfarben verf\u00fcgbar.<\/p>\n<p>Sonderformen und Sonderanfertigungen sind auf <a title=\"Kontakt Faltzelte und Zubeh\u00f6r\" href=\"https:\/\/qualytent.eu\/de\/kontakt\/\" rel=\"\">Anfrage<\/a> m\u00f6glich.<\/p>\n<p>Das mobile, flexible und modulare Faltzelt-System QUALYTENT Premium ist <strong>Qualit\u00e4t 100% made in Italy<\/strong>!<\/p>\n<p>Sie w\u00fcnschen detaillierte Informationen zu den verschiedenen Modellen und Gr\u00f6\u00dfen unseres patentierten Spitzenprodukts QUALYTENT Premium? Dann klicken Sie auf die Schaltfl\u00e4che unten und Sie werden auf die entsprechende Seite weitergeleitet.<\/p>\n<p>[\/et_pb_text][et_pb_button button_url=&#8220;https:\/\/qualytent.eu\/de\/faltzelte-premium-formen-masse-und-farben\/&#8220; button_text=&#8220;Details entdecken&#8220; admin_label=&#8220;Details entdecken&#8220; _builder_version=&#8220;4.2.2&#8243; z_index_tablet=&#8220;500&#8243;][\/et_pb_button][\/et_pb_column][\/et_pb_row][\/et_pb_section][et_pb_section fb_built=&#8220;1&#8243; admin_label=&#8220;Sektion Zubeh\u00f6r \u2013 Ersatzteile \u2013 Produktkataloge&#8220; _builder_version=&#8220;4.4.1&#8243; custom_padding=&#8220;80px|0px|60px|0px|false|false&#8220; top_divider_style=&#8220;triangle&#8220; top_divider_color=&#8220;#e9eaee&#8220; top_divider_height=&#8220;40px&#8220; top_divider_flip=&#8220;vertical&#8220; border_width_top=&#8220;5px&#8220; border_color_top=&#8220;#e9eaee&#8220; saved_tabs=&#8220;all&#8220; locked=&#8220;off&#8220;][et_pb_row admin_label=&#8220;Zeile Zubeh\u00f6r \u2013 Ersatzteile \u2013 Produktkataloge&#8220; _builder_version=&#8220;4.4.1&#8243; custom_padding=&#8220;0px||||false|false&#8220;][et_pb_column type=&#8220;4_4&#8243; _builder_version=&#8220;4.4.1&#8243;][et_pb_text admin_label=&#8220;Titel H2 Zubeh\u00f6r \u2013 Ersatzteile \u2013 Produktkataloge&#8220; _builder_version=&#8220;4.4.1&#8243;]<\/p>\n<h2>Zubeh\u00f6r \u2013 Ersatzteile \u2013 Produktkataloge<\/h2>\n<p>[\/et_pb_text][\/et_pb_column][\/et_pb_row][et_pb_row column_structure=&#8220;1_3,1_3,1_3&#8243; use_custom_gutter=&#8220;on&#8220; make_equal=&#8220;on&#8220; admin_label=&#8220;Zubeh\u00f6r \u2013 Ersatzteile \u2013 Produktkataloge&#8220; _builder_version=&#8220;4.4.1&#8243; background_size=&#8220;initial&#8220; background_position=&#8220;top_left&#8220; background_repeat=&#8220;repeat&#8220; width_phone=&#8220;50px&#8220; custom_padding=&#8220;0|0px|0|0px|false|false&#8220; z_index_tablet=&#8220;500&#8243; border_style_bottom=&#8220;ridge&#8220; box_shadow_horizontal_tablet=&#8220;0px&#8220; box_shadow_vertical_tablet=&#8220;0px&#8220; box_shadow_blur_tablet=&#8220;40px&#8220; box_shadow_spread_tablet=&#8220;0px&#8220;][et_pb_column type=&#8220;1_3&#8243; _builder_version=&#8220;4.3.2&#8243; background_color=&#8220;#e9eaee&#8220; custom_padding=&#8220;|||&#8220; custom_css_main_element=&#8220;box-shadow: 6px 6px 16px 0px rgba(0,0,0,0.3);&#8220; custom_padding__hover=&#8220;|||&#8220;][et_pb_image src=&#8220;https:\/\/qualytent.eu\/wp-content\/uploads\/accessori-gazebo-eventi-zubehoer-faltzelte-events-folding-tent-event-accessories-qualytent-960x540px.jpg&#8220; alt=&#8220;Gazebo pieghevoli QUALYTENT Village &#038; Cottage&#8220; align_tablet=&#8220;center&#8220; align_phone=&#8220;&#8220; align_last_edited=&#8220;on|desktop&#8220; admin_label=&#8220;image Zubeh\u00f6r&#8220; _builder_version=&#8220;4.4.1&#8243; z_index_tablet=&#8220;500&#8243;][\/et_pb_image][et_pb_text admin_label=&#8220;text Zubeh\u00f6r&#8220; _builder_version=&#8220;4.4.1&#8243; custom_padding=&#8220;|3%||3%|false|false&#8220; z_index_tablet=&#8220;500&#8243;]<\/p>\n<h3>Zubeh\u00f6r f\u00fcr Faltzelte und Events<\/h3>\n<p>QUALYTENT bietet eine breite Palette an Zubeh\u00f6r zur Erweiterung Ihres Faltzeltes.<\/p>\n<p>[\/et_pb_text][et_pb_button button_url=&#8220;@ET-DC@eyJkeW5hbWljIjp0cnVlLCJjb250ZW50IjoicG9zdF9saW5rX3VybF9wYWdlIiwic2V0dGluZ3MiOnsicG9zdF9pZCI6IjUxMTIifX0=@&#8220; button_text=&#8220;Zubeh\u00f6r finden&#8220; button_alignment=&#8220;left&#8220; admin_label=&#8220;button Zubeh\u00f6r finden&#8220; _builder_version=&#8220;4.4.1&#8243; _dynamic_attributes=&#8220;button_url&#8220; custom_margin=&#8220;|3%|3%|3%|false|false&#8220; z_index_tablet=&#8220;500&#8243;][\/et_pb_button][\/et_pb_column][et_pb_column type=&#8220;1_3&#8243; _builder_version=&#8220;3.0.47&#8243; background_color=&#8220;#e9eaee&#8220; custom_padding=&#8220;|||&#8220; custom_css_main_element=&#8220;box-shadow: 6px 6px 16px 0px rgba(0,0,0,0.3);&#8220; custom_padding__hover=&#8220;|||&#8220;][et_pb_image src=&#8220;https:\/\/qualytent.eu\/wp-content\/uploads\/qualytent-premium-ricambi-ersatzteile-spare-parts-960x540px.jpg&#8220; alt=&#8220;Gazebo pieghevoli QUALYTENT Village &#038; Cottage&#8220; align_tablet=&#8220;center&#8220; align_phone=&#8220;&#8220; align_last_edited=&#8220;on|desktop&#8220; admin_label=&#8220;image Ersatzteile&#8220; _builder_version=&#8220;4.3.2&#8243; z_index_tablet=&#8220;500&#8243;][\/et_pb_image][et_pb_text admin_label=&#8220;text Ersatzteile&#8220; _builder_version=&#8220;4.4.0&#8243; custom_padding=&#8220;|3%||3%|false|false&#8220; z_index_tablet=&#8220;500&#8243;]<\/p>\n<h3>Original-Ersatzteile<\/h3>\n<p>Sie ben\u00f6tigen Ersatzteile f\u00fcr Ihr Faltzelt QUALYTENT Premium? Die entsprechenden Datenbl\u00e4tter finden Sie im <a title=\"Downloadbereich\" href=\"https:\/\/qualytent.eu\/de\/downloadbereich\/\" rel=\"\">DOWNLOAD-BEREICH<\/a>. Bitte geben Sie in Ihrer Anfrage die Teilenummer des gew\u00fcnschten Ersatzteils an.<\/p>\n<p>[\/et_pb_text][et_pb_button button_url=&#8220;@ET-DC@eyJkeW5hbWljIjp0cnVlLCJjb250ZW50IjoicG9zdF9saW5rX3VybF9wYWdlIiwic2V0dGluZ3MiOnsicG9zdF9pZCI6IjQ1OTEifX0=@&#8220; button_text=&#8220;HIER finden&#8220; button_alignment=&#8220;left&#8220; admin_label=&#8220;button HIER finden&#8220; _builder_version=&#8220;4.3.2&#8243; _dynamic_attributes=&#8220;button_url&#8220; custom_margin=&#8220;|3%|3%|3%|false|false&#8220; z_index_tablet=&#8220;500&#8243;][\/et_pb_button][\/et_pb_column][et_pb_column type=&#8220;1_3&#8243; _builder_version=&#8220;3.0.47&#8243; background_color=&#8220;#e9eaee&#8220; custom_padding=&#8220;|||&#8220; custom_css_main_element=&#8220;box-shadow: 6px 6px 16px 0px rgba(0,0,0,0.3);&#8220; custom_padding__hover=&#8220;|||&#8220;][et_pb_image src=&#8220;https:\/\/qualytent.eu\/wp-content\/uploads\/qualytent-downloads-cataloghi-kataloge-catalogues-960x540px.jpg&#8220; alt=&#8220;Gazebo pieghevoli QUALYTENT Village &#038; Cottage&#8220; align_tablet=&#8220;center&#8220; align_phone=&#8220;&#8220; align_last_edited=&#8220;on|desktop&#8220; admin_label=&#8220;image Produktkataloge&#8220; _builder_version=&#8220;4.4.1&#8243; z_index_tablet=&#8220;500&#8243;][\/et_pb_image][et_pb_text admin_label=&#8220;text Produktkataloge&#8220; _builder_version=&#8220;4.4.1&#8243; custom_padding=&#8220;|3%||3%|false|false&#8220; z_index_tablet=&#8220;500&#8243;]<\/p>\n<h3>Produktkataloge<\/h3>\n<p>Sie suchen unsere neuen Produktkataloge zum kostenlosen Download?<br \/>Im <a title=\"Downloadbereich\" href=\"https:\/\/qualytent.eu\/de\/downloadbereich\/\" rel=\"\">DOWNLOAD-BEREICH<\/a> finden Sie alle Kataloge zum Durchbl\u00e4ttern oder drucken.<\/p>\n<p>[\/et_pb_text][et_pb_button button_url=&#8220;@ET-DC@eyJkeW5hbWljIjp0cnVlLCJjb250ZW50IjoicG9zdF9saW5rX3VybF9wYWdlIiwic2V0dGluZ3MiOnsicG9zdF9pZCI6IjQ1OTEifX0=@&#8220; button_text=&#8220;HIER finden&#8220; button_alignment=&#8220;left&#8220; admin_label=&#8220;button HIER finden&#8220; _builder_version=&#8220;4.4.1&#8243; _dynamic_attributes=&#8220;button_url&#8220; custom_margin=&#8220;|3%|3%|3%|false|false&#8220; z_index_tablet=&#8220;500&#8243;][\/et_pb_button][\/et_pb_column][\/et_pb_row][\/et_pb_section]<\/p>\n","protected":false},"excerpt":{"rendered":"<p>[et_pb_section fb_built=&#8220;1&#8243; _builder_version=&#8220;3.22.3&#8243; background_color=&#8220;#e9eaee&#8220; inner_width_tablet=&#8220;50px&#8220; inner_max_width_tablet=&#8220;50px&#8220; custom_padding=&#8220;90.5167px|0px|0|0px|false|false&#8220; z_index_tablet=&#8220;500&#8243;][et_pb_row _builder_version=&#8220;3.25&#8243; custom_padding=&#8220;30px|0px|30px|0px|false|false&#8220; z_index_tablet=&#8220;500&#8243; border_radii=&#8220;on|0px|0px|0px|0px&#8220; border_color_all=&#8220;#28282d&#8220; box_shadow_horizontal_tablet=&#8220;0px&#8220; box_shadow_vertical_tablet=&#8220;0px&#8220; box_shadow_blur_tablet=&#8220;40px&#8220; box_shadow_spread_tablet=&#8220;0px&#8220;][et_pb_column type=&#8220;4_4&#8243; _builder_version=&#8220;3.25&#8243; custom_padding=&#8220;|||&#8220; custom_padding__hover=&#8220;|||&#8220;][et_pb_text admin_label=&#8220;Premium S45 \u2013 Faltzelt von h\u00f6chster Qualit\u00e4t&#8220; _builder_version=&#8220;4.2.2&#8243; text_font_size=&#8220;28px&#8220; z_index_tablet=&#8220;500&#8243;] Premium S45 \u2013 Faltzelt von h\u00f6chster Qualit\u00e4t Patentiertes Spitzenprodukt f\u00fcr professionelle und intensive Nutzung [\/et_pb_text][\/et_pb_column][\/et_pb_row][\/et_pb_section][et_pb_section fb_built=&#8220;1&#8243; _builder_version=&#8220;3.24.1&#8243; custom_padding=&#8220;80px|0px|60px|0px|false|false&#8220; top_divider_style=&#8220;triangle&#8220; top_divider_color=&#8220;#e9eaee&#8220; top_divider_height=&#8220;40px&#8220; top_divider_flip=&#8220;vertical&#8220; z_index_tablet=&#8220;500&#8243; border_width_top=&#8220;5px&#8220; [&hellip;]<\/p>\n","protected":false},"author":7,"featured_media":0,"parent":0,"menu_order":3,"comment_status":"closed","ping_status":"closed","template":"","meta":{"_et_pb_use_builder":"on","_et_pb_old_content":"","_et_gb_content_width":""},"_links":{"self":[{"href":"https:\/\/qualytent.eu\/de\/wp-json\/wp\/v2\/pages\/8279"}],"collection":[{"href":"https:\/\/qualytent.eu\/de\/wp-json\/wp\/v2\/pages"}],"about":[{"href":"https:\/\/qualytent.eu\/de\/wp-json\/wp\/v2\/types\/page"}],"author":[{"embeddable":true,"href":"https:\/\/qualytent.eu\/de\/wp-json\/wp\/v2\/users\/7"}],"replies":[{"embeddable":true,"href":"https:\/\/qualytent.eu\/de\/wp-json\/wp\/v2\/comments?post=8279"}],"version-history":[{"count":0,"href":"https:\/\/qualytent.eu\/de\/wp-json\/wp\/v2\/pages\/8279\/revisions"}],"wp:attachment":[{"href":"https:\/\/qualytent.eu\/de\/wp-json\/wp\/v2\/media?parent=8279"}],"curies":[{"name":"wp","href":"https:\/\/api.w.org\/{rel}","templated":true}]}}