{"id":8339,"date":"2019-03-18T10:54:29","date_gmt":"2019-03-18T09:54:29","guid":{"rendered":"https:\/\/qualytent.eu\/tenda-gazebo-pieghevole-qualita-convenzionale-hobby-s30\/"},"modified":"2020-02-18T12:59:20","modified_gmt":"2020-02-18T11:59:20","slug":"faltzelt-leicht-guenstig-hobby-s30","status":"publish","type":"page","link":"https:\/\/qualytent.eu\/de\/faltzelt-leicht-guenstig-hobby-s30\/","title":{"rendered":"Hobby S30 \u2013 Faltzelt leicht und g\u00fcnstig"},"content":{"rendered":"<p>[et_pb_section fb_built=&#8220;1&#8243; admin_label=&#8220;Titolo e Sottotitolo&#8220; _builder_version=&#8220;3.22&#8243; background_color=&#8220;#e9eaee&#8220; custom_padding=&#8220;90.5167px|0px|0|0px|false|false&#8220; z_index_tablet=&#8220;500&#8243;][et_pb_row admin_label=&#8220;Titolo e Sottotitolo&#8220; _builder_version=&#8220;3.25&#8243; width_phone=&#8220;50px&#8220; custom_padding=&#8220;30px|0px|30px|0px|false|false&#8220; z_index_tablet=&#8220;500&#8243; border_radii=&#8220;on|0px|0px|0px|0px&#8220; border_color_all=&#8220;#28282d&#8220; box_shadow_horizontal_tablet=&#8220;0px&#8220; box_shadow_vertical_tablet=&#8220;0px&#8220; box_shadow_blur_tablet=&#8220;40px&#8220; box_shadow_spread_tablet=&#8220;0px&#8220;][et_pb_column type=&#8220;4_4&#8243; _builder_version=&#8220;3.25&#8243; custom_padding=&#8220;|||&#8220; custom_padding__hover=&#8220;|||&#8220;][et_pb_text admin_label=&#8220;Hobby S30 \u2013 Das leichte, g\u00fcnstige Faltzelt&#8220; _builder_version=&#8220;4.2.2&#8243; text_font_size=&#8220;28px&#8220; z_index_tablet=&#8220;500&#8243;]<\/p>\n<h1 style=\"text-align: left;\">Hobby S30 \u2013 Das leichte, g\u00fcnstige Faltzelt<\/h1>\n<p style=\"text-align: left;\">\u00dcberdachungssystem f\u00fcr gelegentliche und private Nutzung<\/p>\n<p>[\/et_pb_text][\/et_pb_column][\/et_pb_row][\/et_pb_section][et_pb_section fb_built=&#8220;1&#8243; _builder_version=&#8220;3.22&#8243; custom_padding=&#8220;80px|0px|40px|0px|false|false&#8220; top_divider_style=&#8220;triangle&#8220; top_divider_color=&#8220;#e9eaee&#8220; top_divider_height=&#8220;40px&#8220; top_divider_flip=&#8220;vertical&#8220; bottom_divider_color=&#8220;#e9eaee&#8220; bottom_divider_height=&#8220;40px&#8220; bottom_divider_flip=&#8220;vertical&#8220; z_index_tablet=&#8220;500&#8243; border_width_bottom=&#8220;4px&#8220; border_color_bottom=&#8220;#e9eaee&#8220;][et_pb_row _builder_version=&#8220;3.25&#8243; z_index_tablet=&#8220;500&#8243; box_shadow_horizontal_tablet=&#8220;0px&#8220; box_shadow_vertical_tablet=&#8220;0px&#8220; box_shadow_blur_tablet=&#8220;40px&#8220; box_shadow_spread_tablet=&#8220;0px&#8220;][et_pb_column type=&#8220;4_4&#8243; _builder_version=&#8220;3.25&#8243; custom_padding=&#8220;|||&#8220; custom_padding__hover=&#8220;|||&#8220;][et_pb_text admin_label=&#8220;Unser Faltzelt QUALYTENT Hobby&#8220; _builder_version=&#8220;4.2.2&#8243; z_index_tablet=&#8220;500&#8243;]<\/p>\n<h2>Unser Faltzelt QUALYTENT Hobby<\/h2>\n<p>&nbsp;<\/p>\n<p>Das Faltzelt QUALYTENT Hobby \u2013 f\u00fcr gelegentliche und private Nutzung konzipiert \u2013 ist das leichteste und preislich g\u00fcnstigste in unserem Sortiment.<\/p>\n<p>[\/et_pb_text][\/et_pb_column][\/et_pb_row][et_pb_row column_structure=&#8220;1_2,1_2&#8243; use_custom_gutter=&#8220;on&#8220; _builder_version=&#8220;3.25&#8243; background_size=&#8220;initial&#8220; background_position=&#8220;top_left&#8220; background_repeat=&#8220;repeat&#8220; width_phone=&#8220;50px&#8220; z_index_tablet=&#8220;500&#8243; border_style_bottom=&#8220;ridge&#8220; box_shadow_horizontal_tablet=&#8220;0px&#8220; box_shadow_vertical_tablet=&#8220;0px&#8220; box_shadow_blur_tablet=&#8220;40px&#8220; box_shadow_spread_tablet=&#8220;0px&#8220;][et_pb_column type=&#8220;1_2&#8243; _builder_version=&#8220;3.25&#8243; custom_padding=&#8220;|||&#8220; custom_css_main_element=&#8220;box-shadow: 6px 6px 16px 0px rgba(0,0,0,0.3);&#8220; custom_padding__hover=&#8220;|||&#8220;][et_pb_image src=&#8220;https:\/\/qualytent.eu\/wp-content\/uploads\/gazebo-pieghevole-faltzelt-folding-tent-qualytent-hobby-s30-verde-giallo-960x600px.jpg&#8220; alt=&#8220;Gazebo pieghevole Qualytent Hobby, tipologia S30, verde, giallo&#8220; align_tablet=&#8220;center&#8220; align_phone=&#8220;&#8220; align_last_edited=&#8220;on|desktop&#8220; _builder_version=&#8220;3.23&#8243; z_index_tablet=&#8220;500&#8243;][\/et_pb_image][\/et_pb_column][et_pb_column type=&#8220;1_2&#8243; _builder_version=&#8220;3.25&#8243; custom_padding=&#8220;|||&#8220; custom_padding__hover=&#8220;|||&#8220;][et_pb_text admin_label=&#8220;Die Zeltstruktur besteht aus \u2026&#8220; _builder_version=&#8220;4.2.2&#8243; z_index_tablet=&#8220;500&#8243;]<\/p>\n<p>Die Zeltstruktur besteht aus eloxiertem Aluminium (Profilquerschnitt 30 x 30 mm), Dach und Seitenw\u00e4nde aus wasserdichtem Polyestergewebe 420D.<\/p>\n<p>Das \u00dcberdachungssystem QUALYTENT Hobby gibt es in 3 verschiedenen Gr\u00f6\u00dfen und in 6 Farbvarianten mit drei unterschiedlichen Seitenwandmodellen.<\/p>\n<p>Sie w\u00fcnschen detaillierte Informationen zu Modellen und Gr\u00f6\u00dfen unseres Faltzelt-Systems QUALYTENT Hobby? Dann klicken Sie auf die Schaltfl\u00e4che unten und Sie werden auf die entsprechende Seite weitergeleitet.<\/p>\n<p>[\/et_pb_text][et_pb_button button_url=&#8220;https:\/\/qualytent.eu\/de\/faltzelte-hobby-ausfuehrungen-technik-masse-farben\/&#8220; button_text=&#8220;Details entdecken&#8220; disabled_on=&#8220;off|off|off&#8220; admin_label=&#8220;Details entdecken&#8220; _builder_version=&#8220;4.2.2&#8243; z_index_tablet=&#8220;500&#8243;][\/et_pb_button][\/et_pb_column][\/et_pb_row][\/et_pb_section][et_pb_section fb_built=&#8220;1&#8243; _builder_version=&#8220;3.22&#8243; custom_padding=&#8220;80px|0px|60px|0px|false|false&#8220; top_divider_style=&#8220;triangle&#8220; top_divider_color=&#8220;#e9eaee&#8220; top_divider_height=&#8220;40px&#8220; top_divider_flip=&#8220;vertical&#8220; border_width_top=&#8220;5px&#8220; border_color_top=&#8220;#e9eaee&#8220; global_module=&#8220;9261&#8243;][et_pb_row column_structure=&#8220;1_3,1_3,1_3&#8243; use_custom_gutter=&#8220;on&#8220; make_equal=&#8220;on&#8220; admin_label=&#8220;Zubeh\u00f6r-Ersatzteile-Produktkataloge&#8220; _builder_version=&#8220;4.3.2&#8243; background_size=&#8220;initial&#8220; background_position=&#8220;top_left&#8220; background_repeat=&#8220;repeat&#8220; width_phone=&#8220;50px&#8220; custom_padding=&#8220;0|0px|0|0px|false|false&#8220; z_index_tablet=&#8220;500&#8243; border_style_bottom=&#8220;ridge&#8220; box_shadow_horizontal_tablet=&#8220;0px&#8220; box_shadow_vertical_tablet=&#8220;0px&#8220; box_shadow_blur_tablet=&#8220;40px&#8220; box_shadow_spread_tablet=&#8220;0px&#8220;][et_pb_column type=&#8220;1_3&#8243; _builder_version=&#8220;4.3.2&#8243; background_color=&#8220;#e9eaee&#8220; custom_padding=&#8220;|||&#8220; custom_css_main_element=&#8220;box-shadow: 6px 6px 16px 0px rgba(0,0,0,0.3);&#8220; custom_padding__hover=&#8220;|||&#8220;][et_pb_image src=&#8220;https:\/\/qualytent.eu\/wp-content\/uploads\/accessori-gazebo-eventi-zubehoer-faltzelte-events-folding-tent-event-accessories-qualytent-960x540px.jpg&#8220; alt=&#8220;Gazebo pieghevoli QUALYTENT Village &#038; Cottage&#8220; align_tablet=&#8220;center&#8220; align_phone=&#8220;&#8220; align_last_edited=&#8220;on|desktop&#8220; admin_label=&#8220;image Zubeh\u00f6r&#8220; _builder_version=&#8220;4.3.2&#8243; z_index_tablet=&#8220;500&#8243;][\/et_pb_image][et_pb_text admin_label=&#8220;text Zubeh\u00f6r&#8220; _builder_version=&#8220;4.3.2&#8243; custom_padding=&#8220;|3%||3%|false|false&#8220; z_index_tablet=&#8220;500&#8243;]<\/p>\n<h2>Zubeh\u00f6r f\u00fcr Faltzelte und Events<\/h2>\n<p>QUALYTENT bietet eine breite Palette an Zubeh\u00f6r zur Erweiterung Ihres Faltzeltes.<\/p>\n<p>[\/et_pb_text][et_pb_button button_url=&#8220;@ET-DC@eyJkeW5hbWljIjp0cnVlLCJjb250ZW50IjoicG9zdF9saW5rX3VybF9wYWdlIiwic2V0dGluZ3MiOnsicG9zdF9pZCI6IjUxMTIifX0=@&#8220; button_text=&#8220;Zubeh\u00f6r finden&#8220; button_alignment=&#8220;left&#8220; admin_label=&#8220;button Zubeh\u00f6r finden&#8220; _builder_version=&#8220;4.3.2&#8243; _dynamic_attributes=&#8220;button_url&#8220; custom_margin=&#8220;|3%|3%|3%|false|false&#8220; z_index_tablet=&#8220;500&#8243;][\/et_pb_button][\/et_pb_column][et_pb_column type=&#8220;1_3&#8243; _builder_version=&#8220;3.0.47&#8243; background_color=&#8220;#e9eaee&#8220; custom_padding=&#8220;|||&#8220; custom_css_main_element=&#8220;box-shadow: 6px 6px 16px 0px rgba(0,0,0,0.3);&#8220; custom_padding__hover=&#8220;|||&#8220;][et_pb_image src=&#8220;https:\/\/qualytent.eu\/wp-content\/uploads\/qualytent-premium-ricambi-ersatzteile-spare-parts-960x540px.jpg&#8220; alt=&#8220;Gazebo pieghevoli QUALYTENT Village &#038; Cottage&#8220; align_tablet=&#8220;center&#8220; align_phone=&#8220;&#8220; align_last_edited=&#8220;on|desktop&#8220; admin_label=&#8220;image Ersatzteile&#8220; _builder_version=&#8220;4.3.2&#8243; z_index_tablet=&#8220;500&#8243;][\/et_pb_image][et_pb_text admin_label=&#8220;text Ersatzteile&#8220; _builder_version=&#8220;4.3.2&#8243; custom_padding=&#8220;|3%||3%|false|false&#8220; z_index_tablet=&#8220;500&#8243;]<\/p>\n<h2>Original-Ersatzteile<\/h2>\n<p>Sie ben\u00f6tigen Ersatzteile f\u00fcr Ihr Faltzelt QUALYTENT Premium? Die entsprechenden Datenbl\u00e4tter finden Sie im <a title=\"Downloadbereich\" href=\"https:\/\/qualytent.eu\/de\/downloadbereich\/\" rel=\"\">DOWNLOAD-BEREICH<\/a>. Bitte geben Sie in Ihrer Anfrage die Teilenummer des gew\u00fcnschten Ersatzteils an.<\/p>\n<p>[\/et_pb_text][et_pb_button button_url=&#8220;@ET-DC@eyJkeW5hbWljIjp0cnVlLCJjb250ZW50IjoicG9zdF9saW5rX3VybF9wYWdlIiwic2V0dGluZ3MiOnsicG9zdF9pZCI6IjQ1OTEifX0=@&#8220; button_text=&#8220;HIER finden&#8220; button_alignment=&#8220;left&#8220; admin_label=&#8220;button HIER finden&#8220; _builder_version=&#8220;4.3.2&#8243; _dynamic_attributes=&#8220;button_url&#8220; custom_margin=&#8220;|3%|3%|3%|false|false&#8220; z_index_tablet=&#8220;500&#8243;][\/et_pb_button][\/et_pb_column][et_pb_column type=&#8220;1_3&#8243; _builder_version=&#8220;3.0.47&#8243; background_color=&#8220;#e9eaee&#8220; custom_padding=&#8220;|||&#8220; custom_css_main_element=&#8220;box-shadow: 6px 6px 16px 0px rgba(0,0,0,0.3);&#8220; custom_padding__hover=&#8220;|||&#8220;][et_pb_image src=&#8220;https:\/\/qualytent.eu\/wp-content\/uploads\/qualytent-downloads-cataloghi-kataloge-catalogues-960x540px.jpg&#8220; alt=&#8220;Gazebo pieghevoli QUALYTENT Village &#038; Cottage&#8220; align_tablet=&#8220;center&#8220; align_phone=&#8220;&#8220; align_last_edited=&#8220;on|desktop&#8220; admin_label=&#8220;image Produktkataloge&#8220; _builder_version=&#8220;4.3.2&#8243; z_index_tablet=&#8220;500&#8243;][\/et_pb_image][et_pb_text admin_label=&#8220;text Produktkataloge&#8220; _builder_version=&#8220;4.3.2&#8243; custom_padding=&#8220;|3%||3%|false|false&#8220; z_index_tablet=&#8220;500&#8243;]<\/p>\n<h2>Produktkataloge<\/h2>\n<p>Sie suchen unsere neuen Produktkataloge zum kostenlosen Download?<br \/>Im <a title=\"Downloadbereich\" href=\"https:\/\/qualytent.eu\/de\/downloadbereich\/\" rel=\"\">DOWNLOAD-BEREICH<\/a> finden Sie alle Kataloge zum Durchbl\u00e4ttern oder drucken.<\/p>\n<p>[\/et_pb_text][et_pb_button button_url=&#8220;@ET-DC@eyJkeW5hbWljIjp0cnVlLCJjb250ZW50IjoicG9zdF9saW5rX3VybF9wYWdlIiwic2V0dGluZ3MiOnsicG9zdF9pZCI6IjQ1OTEifX0=@&#8220; button_text=&#8220;HIER finden&#8220; button_alignment=&#8220;left&#8220; admin_label=&#8220;button HIER finden&#8220; _builder_version=&#8220;4.3.2&#8243; _dynamic_attributes=&#8220;button_url&#8220; custom_margin=&#8220;|3%|3%|3%|false|false&#8220; z_index_tablet=&#8220;500&#8243;][\/et_pb_button][\/et_pb_column][\/et_pb_row][\/et_pb_section]<\/p>\n","protected":false},"excerpt":{"rendered":"<p>[et_pb_section fb_built=&#8220;1&#8243; admin_label=&#8220;Titolo e Sottotitolo&#8220; _builder_version=&#8220;3.22&#8243; background_color=&#8220;#e9eaee&#8220; custom_padding=&#8220;90.5167px|0px|0|0px|false|false&#8220; z_index_tablet=&#8220;500&#8243;][et_pb_row admin_label=&#8220;Titolo e Sottotitolo&#8220; _builder_version=&#8220;3.25&#8243; width_phone=&#8220;50px&#8220; custom_padding=&#8220;30px|0px|30px|0px|false|false&#8220; z_index_tablet=&#8220;500&#8243; border_radii=&#8220;on|0px|0px|0px|0px&#8220; border_color_all=&#8220;#28282d&#8220; box_shadow_horizontal_tablet=&#8220;0px&#8220; box_shadow_vertical_tablet=&#8220;0px&#8220; box_shadow_blur_tablet=&#8220;40px&#8220; box_shadow_spread_tablet=&#8220;0px&#8220;][et_pb_column type=&#8220;4_4&#8243; _builder_version=&#8220;3.25&#8243; custom_padding=&#8220;|||&#8220; custom_padding__hover=&#8220;|||&#8220;][et_pb_text admin_label=&#8220;Hobby S30 \u2013 Das leichte, g\u00fcnstige Faltzelt&#8220; _builder_version=&#8220;4.2.2&#8243; text_font_size=&#8220;28px&#8220; z_index_tablet=&#8220;500&#8243;] Hobby S30 \u2013 Das leichte, g\u00fcnstige Faltzelt \u00dcberdachungssystem f\u00fcr gelegentliche und private Nutzung [\/et_pb_text][\/et_pb_column][\/et_pb_row][\/et_pb_section][et_pb_section fb_built=&#8220;1&#8243; _builder_version=&#8220;3.22&#8243; custom_padding=&#8220;80px|0px|40px|0px|false|false&#8220; top_divider_style=&#8220;triangle&#8220; top_divider_color=&#8220;#e9eaee&#8220; [&hellip;]<\/p>\n","protected":false},"author":7,"featured_media":0,"parent":0,"menu_order":5,"comment_status":"closed","ping_status":"closed","template":"","meta":{"_et_pb_use_builder":"on","_et_pb_old_content":"","_et_gb_content_width":""},"_links":{"self":[{"href":"https:\/\/qualytent.eu\/de\/wp-json\/wp\/v2\/pages\/8339"}],"collection":[{"href":"https:\/\/qualytent.eu\/de\/wp-json\/wp\/v2\/pages"}],"about":[{"href":"https:\/\/qualytent.eu\/de\/wp-json\/wp\/v2\/types\/page"}],"author":[{"embeddable":true,"href":"https:\/\/qualytent.eu\/de\/wp-json\/wp\/v2\/users\/7"}],"replies":[{"embeddable":true,"href":"https:\/\/qualytent.eu\/de\/wp-json\/wp\/v2\/comments?post=8339"}],"version-history":[{"count":0,"href":"https:\/\/qualytent.eu\/de\/wp-json\/wp\/v2\/pages\/8339\/revisions"}],"wp:attachment":[{"href":"https:\/\/qualytent.eu\/de\/wp-json\/wp\/v2\/media?parent=8339"}],"curies":[{"name":"wp","href":"https:\/\/api.w.org\/{rel}","templated":true}]}}